{"id":15295,"date":"2021-04-29T12:14:17","date_gmt":"2021-04-29T12:14:17","guid":{"rendered":"https:\/\/am-humboldtring.de\/?page_id=15295"},"modified":"2026-03-14T14:31:38","modified_gmt":"2026-03-14T14:31:38","slug":"aktuelles","status":"publish","type":"page","link":"https:\/\/am-humboldtring.de\/index.php\/aktuelles\/","title":{"rendered":"Aktuelles"},"content":{"rendered":"<p>[vc_row][vc_column][vc_column_text]<strong>Koch bzw. K\u00f6chin gesucht, bei Interesse bitte einfach bei unserem Personal melden!<\/strong>[\/vc_column_text][\/vc_column][\/vc_row][vc_row][vc_column][vc_column_text]<strong>Sonntags &#8211; Brunch :<\/strong><\/p>\n<p>Mehrmals im Jahr k\u00f6nnt ihr euch Sonntags zwischen 11 und 13:30 bei uns so richtig satt schlemmen! Das an der deutschen K\u00fcche orientierte Angebot variiert von mal zu mal damit auch unsere Stammg\u00e4ste immer was neues probieren d\u00fcrfen !<\/p>\n<p>Aktuelle Termine finden sie hier : 01.03.\/05.04.\/10.05.\/21.06.26\u00a0 \u00a0 ..oder sie erkundigen sich zu unseren \u00d6ffnungszeiten in unserem Lokal! Denken sie an zeitig an ihre Reservierung![\/vc_column_text][\/vc_column][\/vc_row][vc_row][vc_column]<style type=\"text\/css\" data-type=\"the7_shortcodes-inline-css\">.gallery-carousel-shortcode.gallery-carousel-shortcode-id-5cb1dbc7d9dd2019b316fed9ecce950f .owl-nav a {\n  width: 36px;\n  height: 36px;\n  border-radius: 500px;\n}\n.dt-arrow-border-on.gallery-carousel-shortcode.gallery-carousel-shortcode-id-5cb1dbc7d9dd2019b316fed9ecce950f .owl-nav a:not(:hover):before {\n  border-width: 0px;\n}\n.dt-arrow-hover-border-on.gallery-carousel-shortcode.gallery-carousel-shortcode-id-5cb1dbc7d9dd2019b316fed9ecce950f .owl-nav a:hover:after {\n  border-width: 0px;\n}\n.gallery-carousel-shortcode.gallery-carousel-shortcode-id-5cb1dbc7d9dd2019b316fed9ecce950f .owl-nav a.owl-prev {\n  top: 50%;\n  transform: translateY(calc(-50% + 0px));\n  left: -43px;\n}\n@media all and (-ms-high-contrast: none) {\n  .gallery-carousel-shortcode.gallery-carousel-shortcode-id-5cb1dbc7d9dd2019b316fed9ecce950f .owl-nav a.owl-prev {\n    transform: translateY(-50%);\n    margin-top: 0px;\n  }\n}\n.gallery-carousel-shortcode.gallery-carousel-shortcode-id-5cb1dbc7d9dd2019b316fed9ecce950f .owl-nav a.owl-prev i {\n  padding: 0px 0px 0px 0px;\n}\n.gallery-carousel-shortcode.gallery-carousel-shortcode-id-5cb1dbc7d9dd2019b316fed9ecce950f .owl-nav a.owl-next {\n  top: 50%;\n  transform: translateY(calc(-50% + 0px));\n  right: -43px;\n}\n@media all and (-ms-high-contrast: none) {\n  .gallery-carousel-shortcode.gallery-carousel-shortcode-id-5cb1dbc7d9dd2019b316fed9ecce950f .owl-nav a.owl-next {\n    transform: translateY(-50%);\n    margin-top: 0px;\n  }\n}\n.gallery-carousel-shortcode.gallery-carousel-shortcode-id-5cb1dbc7d9dd2019b316fed9ecce950f .owl-nav a.owl-next i {\n  padding: 0px 0px 0px 0px;\n}\n.gallery-carousel-shortcode.gallery-carousel-shortcode-id-5cb1dbc7d9dd2019b316fed9ecce950f .owl-nav i {\n  font-size: 18px;\n}\n.gallery-carousel-shortcode.gallery-carousel-shortcode-id-5cb1dbc7d9dd2019b316fed9ecce950f .owl-nav a:not(:hover) i,\n.gallery-carousel-shortcode.gallery-carousel-shortcode-id-5cb1dbc7d9dd2019b316fed9ecce950f .owl-nav a:not(:hover) i:before {\n  color: #ffffff;\n  background: none;\n}\n.gallery-carousel-shortcode.gallery-carousel-shortcode-id-5cb1dbc7d9dd2019b316fed9ecce950f .owl-nav a:hover i,\n.gallery-carousel-shortcode.gallery-carousel-shortcode-id-5cb1dbc7d9dd2019b316fed9ecce950f .owl-nav a:hover i:before {\n  color: rgba(255,255,255,0.75);\n  background: none;\n}\n.gallery-carousel-shortcode.gallery-carousel-shortcode-id-5cb1dbc7d9dd2019b316fed9ecce950f .owl-dots {\n  top: calc(100% + 20px);\n  left: 50%;\n  transform: translateX(calc(-50% + 0px));\n}\n@media all and (-ms-high-contrast: none) {\n  .gallery-carousel-shortcode.gallery-carousel-shortcode-id-5cb1dbc7d9dd2019b316fed9ecce950f .owl-dots {\n    transform: translateX(-50%);\n    margin-left: 0px;\n  }\n}\n.gallery-carousel-shortcode.gallery-carousel-shortcode-id-5cb1dbc7d9dd2019b316fed9ecce950f .owl-dot {\n  width: 10px;\n  height: 10px;\n  margin: 0 8px;\n}\n@media screen and (max-width: 778px) {\n  .gallery-carousel-shortcode.gallery-carousel-shortcode-id-5cb1dbc7d9dd2019b316fed9ecce950f.hide-arrows .owl-nav a {\n    display: none;\n  }\n}\n@media screen and (max-width: 778px) {\n  .gallery-carousel-shortcode.gallery-carousel-shortcode-id-5cb1dbc7d9dd2019b316fed9ecce950f.reposition-arrows .owl-nav .owl-prev {\n    top: 50%;\n    transform: translateY(calc(-50% + 0px));\n    left: 10px;\n  }\n  .gallery-carousel-shortcode.gallery-carousel-shortcode-id-5cb1dbc7d9dd2019b316fed9ecce950f.reposition-arrows .owl-nav .owl-next {\n    top: 50%;\n    transform: translateY(calc(-50% + 0px));\n    right: 10px;\n  }\n}\n@media screen and (max-width: 778px) and all and (-ms-high-contrast: none) {\n  .gallery-carousel-shortcode.gallery-carousel-shortcode-id-5cb1dbc7d9dd2019b316fed9ecce950f.reposition-arrows .owl-nav .owl-prev {\n    transform: translateY(-50%);\n    margin-top: 0px;\n  }\n}\n@media screen and (max-width: 778px) and all and (-ms-high-contrast: none) {\n  .gallery-carousel-shortcode.gallery-carousel-shortcode-id-5cb1dbc7d9dd2019b316fed9ecce950f.reposition-arrows .owl-nav .owl-next {\n    transform: translateY(-50%);\n    margin-top: 0px;\n  }\n}\n.gallery-carousel-shortcode.gallery-carousel-shortcode-id-5cb1dbc7d9dd2019b316fed9ecce950f figure,\n.gallery-carousel-shortcode.gallery-carousel-shortcode-id-5cb1dbc7d9dd2019b316fed9ecce950f .rollover,\n.gallery-carousel-shortcode.gallery-carousel-shortcode-id-5cb1dbc7d9dd2019b316fed9ecce950f img,\n.gallery-carousel-shortcode.gallery-carousel-shortcode-id-5cb1dbc7d9dd2019b316fed9ecce950f .gallery-rollover {\n  border-radius: 0px;\n}\n.gallery-carousel-shortcode.gallery-carousel-shortcode-id-5cb1dbc7d9dd2019b316fed9ecce950f.enable-bg-rollover .gallery-rollover {\n  background: -webkit-linear-gradient();\n  background: linear-gradient();\n}\n.gallery-carousel-shortcode.gallery-carousel-shortcode-id-5cb1dbc7d9dd2019b316fed9ecce950f.enable-img-shadow .owl-stage-outer {\n  padding: 14px 0;\n}\n.gallery-carousel-shortcode.gallery-carousel-shortcode-id-5cb1dbc7d9dd2019b316fed9ecce950f.enable-bg-rollover.hover-scale figure .rollover:after {\n  background: -webkit-linear-gradient();\n  background: linear-gradient();\n}\n.gallery-carousel-shortcode.gallery-carousel-shortcode-id-5cb1dbc7d9dd2019b316fed9ecce950f.gallery-shortcode .gallery-zoom-ico {\n  width: 44px;\n  height: 44px;\n  line-height: 44px;\n  border-radius: 100px;\n  margin: -22px 0 0 -22px;\n  border-width: 0px;\n}\n.dt-icon-bg-on.gallery-carousel-shortcode.gallery-carousel-shortcode-id-5cb1dbc7d9dd2019b316fed9ecce950f.gallery-shortcode .gallery-zoom-ico {\n  background: rgba(255,255,255,0.3);\n  box-shadow: none;\n}\n.gallery-carousel-shortcode.gallery-carousel-shortcode-id-5cb1dbc7d9dd2019b316fed9ecce950f.gallery-shortcode .gallery-zoom-ico:before,\n.gallery-carousel-shortcode.gallery-carousel-shortcode-id-5cb1dbc7d9dd2019b316fed9ecce950f.gallery-shortcode .gallery-zoom-ico span {\n  font-size: 32px;\n  line-height: 44px;\n  color: #ffffff;\n  background: none;\n}\n<\/style><div class=\"owl-carousel gallery-carousel-shortcode gallery-shortcode  dt-gallery-container dt-owl-carousel-call gallery-carousel-shortcode-id-5cb1dbc7d9dd2019b316fed9ecce950f quick-scale-img enable-bg-rollover meta-info-off dt-arrow-border-on dt-arrow-hover-border-on bullets-small-dot-stroke reposition-arrows dt-icon-bg-off arrows-bg-on disable-arrows-hover-bg arrows-hover-bg-on  hover-fade \" data-scroll-mode=\"1\" data-col-num=\"3\" data-wide-col-num=\"3\" data-laptop-col=\"1\" data-h-tablet-columns-num=\"3\" data-v-tablet-columns-num=\"2\" data-phone-columns-num=\"1\" data-col-gap=\"10\" data-stage-padding=\"0\" data-speed=\"600\" data-autoplay=\"true\" data-autoplay_speed=\"6000\" data-arrows=\"true\" data-bullet=\"false\" data-next-icon=\"icon-ar-017-r\" data-prev-icon=\"icon-ar-017-l\" data-img-shadow-size=\"12px\" data-img-shadow-spread=\"3px\"><div data-post-id=\"15490\" data-date=\"2023-02-07T09:36:58+00:00\" data-name=\"IMG-20230206-WA0003\"><figure class=\"post\"><a href=\"https:\/\/am-humboldtring.de\/wp-content\/uploads\/2023\/02\/IMG-20230206-WA0003.jpg\" class=\"rollover dt-pswp-item layzr-bg\" data-large_image_width=\"1737\" data-large_image_height=\"1011\" data-dt-img-description=\"\" title=\"IMG-20230206-WA0003\"><img loading=\"lazy\" decoding=\"async\" class=\"preload-me owl-lazy-load\" src=\"data:image\/svg+xml,%3Csvg%20xmlns%3D&#39;http%3A%2F%2Fwww.w3.org%2F2000%2Fsvg&#39;%20viewBox%3D&#39;0%200%201011%201011&#39;%2F%3E\" data-src=\"https:\/\/am-humboldtring.de\/wp-content\/uploads\/2023\/02\/IMG-20230206-WA0003-1011x1011.jpg\" data-srcset=\"https:\/\/am-humboldtring.de\/wp-content\/uploads\/2023\/02\/IMG-20230206-WA0003-1011x1011.jpg 1011w\" alt=\"\" width=\"1011\" height=\"1011\"  \/><span class=\"gallery-rollover\"><span class=\"gallery-zoom-ico icomoon-the7-font-the7-zoom-06\"><span><\/span><\/span><\/span><\/a><\/figure><\/div><div data-post-id=\"15491\" data-date=\"2023-02-07T09:36:58+00:00\" data-name=\"IMG-20230206-WA0004\"><figure class=\"post\"><a href=\"https:\/\/am-humboldtring.de\/wp-content\/uploads\/2023\/02\/IMG-20230206-WA0004.jpg\" class=\"rollover dt-pswp-item layzr-bg\" data-large_image_width=\"2000\" data-large_image_height=\"1500\" data-dt-img-description=\"\" title=\"IMG-20230206-WA0004\"><img loading=\"lazy\" decoding=\"async\" class=\"preload-me owl-lazy-load\" src=\"data:image\/svg+xml,%3Csvg%20xmlns%3D&#39;http%3A%2F%2Fwww.w3.org%2F2000%2Fsvg&#39;%20viewBox%3D&#39;0%200%201500%201500&#39;%2F%3E\" data-src=\"https:\/\/am-humboldtring.de\/wp-content\/uploads\/2023\/02\/IMG-20230206-WA0004-1500x1500.jpg\" data-srcset=\"https:\/\/am-humboldtring.de\/wp-content\/uploads\/2023\/02\/IMG-20230206-WA0004-1500x1500.jpg 1500w\" alt=\"\" width=\"1500\" height=\"1500\"  \/><span class=\"gallery-rollover\"><span class=\"gallery-zoom-ico icomoon-the7-font-the7-zoom-06\"><span><\/span><\/span><\/span><\/a><\/figure><\/div><div data-post-id=\"15492\" data-date=\"2023-02-07T09:36:59+00:00\" data-name=\"IMG-20230206-WA0006\"><figure class=\"post\"><a href=\"https:\/\/am-humboldtring.de\/wp-content\/uploads\/2023\/02\/IMG-20230206-WA0006.jpg\" class=\"rollover dt-pswp-item layzr-bg\" data-large_image_width=\"2000\" data-large_image_height=\"1500\" data-dt-img-description=\"\" title=\"IMG-20230206-WA0006\"><img loading=\"lazy\" decoding=\"async\" class=\"preload-me owl-lazy-load\" src=\"data:image\/svg+xml,%3Csvg%20xmlns%3D&#39;http%3A%2F%2Fwww.w3.org%2F2000%2Fsvg&#39;%20viewBox%3D&#39;0%200%201500%201500&#39;%2F%3E\" data-src=\"https:\/\/am-humboldtring.de\/wp-content\/uploads\/2023\/02\/IMG-20230206-WA0006-1500x1500.jpg\" data-srcset=\"https:\/\/am-humboldtring.de\/wp-content\/uploads\/2023\/02\/IMG-20230206-WA0006-1500x1500.jpg 1500w\" alt=\"\" width=\"1500\" height=\"1500\"  \/><span class=\"gallery-rollover\"><span class=\"gallery-zoom-ico icomoon-the7-font-the7-zoom-06\"><span><\/span><\/span><\/span><\/a><\/figure><\/div><div data-post-id=\"15493\" data-date=\"2023-02-07T09:37:00+00:00\" data-name=\"IMG-20230206-WA0007\"><figure class=\"post\"><a href=\"https:\/\/am-humboldtring.de\/wp-content\/uploads\/2023\/02\/IMG-20230206-WA0007.jpg\" class=\"rollover dt-pswp-item layzr-bg\" data-large_image_width=\"2048\" data-large_image_height=\"1536\" data-dt-img-description=\"\" title=\"IMG-20230206-WA0007\"><img loading=\"lazy\" decoding=\"async\" class=\"preload-me owl-lazy-load\" src=\"data:image\/svg+xml,%3Csvg%20xmlns%3D&#39;http%3A%2F%2Fwww.w3.org%2F2000%2Fsvg&#39;%20viewBox%3D&#39;0%200%201536%201536&#39;%2F%3E\" data-src=\"https:\/\/am-humboldtring.de\/wp-content\/uploads\/2023\/02\/IMG-20230206-WA0007-1536x1536.jpg\" data-srcset=\"https:\/\/am-humboldtring.de\/wp-content\/uploads\/2023\/02\/IMG-20230206-WA0007-1536x1536.jpg 1536w\" alt=\"\" width=\"1536\" height=\"1536\"  \/><span class=\"gallery-rollover\"><span class=\"gallery-zoom-ico icomoon-the7-font-the7-zoom-06\"><span><\/span><\/span><\/span><\/a><\/figure><\/div><\/div>[\/vc_column][\/vc_row][vc_row][vc_column][vc_column_text]<strong>Seniorentanz :<\/strong><\/p>\n<p>Jeden 4. Montag im Jahr sind die Oldies dran! Von 14 bis 18 Uhr mit einem St\u00fcck Kuchen und Kaffee zum Eintritt k\u00f6nnt ihr gesellig euer Tanzbein schwingen! Bitte Vorher reservieren und gute Laune mitbringen!<\/p>\n<p><img loading=\"lazy\" decoding=\"async\" class=\"alignnone wp-image-15508 size-large\" src=\"https:\/\/am-humboldtring.de\/wp-content\/uploads\/2023\/02\/IMG-20211025-WA0006-1024x768.jpg\" alt=\"\" width=\"1024\" height=\"768\" srcset=\"https:\/\/am-humboldtring.de\/wp-content\/uploads\/2023\/02\/IMG-20211025-WA0006-1024x768.jpg 1024w, https:\/\/am-humboldtring.de\/wp-content\/uploads\/2023\/02\/IMG-20211025-WA0006-300x225.jpg 300w, https:\/\/am-humboldtring.de\/wp-content\/uploads\/2023\/02\/IMG-20211025-WA0006-768x576.jpg 768w, https:\/\/am-humboldtring.de\/wp-content\/uploads\/2023\/02\/IMG-20211025-WA0006-1536x1152.jpg 1536w, https:\/\/am-humboldtring.de\/wp-content\/uploads\/2023\/02\/IMG-20211025-WA0006.jpg 1600w\" sizes=\"auto, (max-width: 1024px) 100vw, 1024px\" \/>[\/vc_column_text][\/vc_column][\/vc_row][vc_row][vc_column][vc_column_text]<strong>Samstags &#8211; Tanz :<\/strong><\/p>\n<p>Ab 20 Uhr k\u00f6nnt ihr mehrmals im Jahr unseren Tanzabend besuchen! Die Dj&#8217;s sorgen f\u00fcr Gute Laune und Gute Musik! Termine findet ihr hier : 04.04.\/16.05.\/13.06. 2026\u00a0 \u00a0 ..oder ihr fragt einfach bei uns nach! Wir freuen uns auf euch !<\/p>\n<p>&nbsp;<\/p>\n<p style=\"text-align: center;\"><strong>Aktuelle \u00d6ffnungszeiten<\/strong><\/p>\n<p style=\"text-align: center;\"><strong>Montag bis Mittwoch\u00a0 \u00a0 \u00a0 11 &#8211; 14 Uhr\u00a0<\/strong><\/p>\n<p style=\"text-align: center;\"><strong>Donnerstag und Freitag 11 &#8211; 21 Uhr<\/strong><\/p>\n<p style=\"text-align: center;\"><strong>Samstag und Sonntag 11 &#8211; 22 Uhr<\/strong><\/p>\n<p style=\"text-align: center;\">(l\u00e4ngere \u00d6ffnungszeiten sind nach Absprache m\u00f6glich)<\/p>\n<p>&nbsp;<\/p>\n<p>&nbsp;<\/p>\n<p style=\"text-align: center;\">Wir freuen uns auf ihren Besuch<\/p>\n<p style=\"text-align: center;\">ihr &#8222;Humbi&#8220; Team<\/p>\n<p>[\/vc_column_text][\/vc_column][\/vc_row]<\/p>\n","protected":false},"excerpt":{"rendered":"<p>[vc_row][vc_column][vc_column_text]Koch bzw. K\u00f6chin gesucht, bei Interesse bitte einfach bei unserem Personal melden![\/vc_column_text][\/vc_column][\/vc_row][vc_row][vc_column][vc_column_text]Sonntags &#8211; Brunch : Mehrmals im Jahr k\u00f6nnt ihr euch Sonntags zwischen 11 und 13:30 bei uns so richtig satt schlemmen! Das an der deutschen K\u00fcche orientierte Angebot variiert von mal zu mal damit auch unsere Stammg\u00e4ste immer was neues probieren d\u00fcrfen ! Aktuelle&hellip;<\/p>\n","protected":false},"author":1,"featured_media":15508,"parent":0,"menu_order":0,"comment_status":"closed","ping_status":"closed","template":"","meta":[],"class_list":["post-15295","page","type-page","status-publish","has-post-thumbnail","hentry","description-off"],"_links":{"self":[{"href":"https:\/\/am-humboldtring.de\/index.php\/wp-json\/wp\/v2\/pages\/15295","targetHints":{"allow":["GET"]}}],"collection":[{"href":"https:\/\/am-humboldtring.de\/index.php\/wp-json\/wp\/v2\/pages"}],"about":[{"href":"https:\/\/am-humboldtring.de\/index.php\/wp-json\/wp\/v2\/types\/page"}],"author":[{"embeddable":true,"href":"https:\/\/am-humboldtring.de\/index.php\/wp-json\/wp\/v2\/users\/1"}],"replies":[{"embeddable":true,"href":"https:\/\/am-humboldtring.de\/index.php\/wp-json\/wp\/v2\/comments?post=15295"}],"version-history":[{"count":59,"href":"https:\/\/am-humboldtring.de\/index.php\/wp-json\/wp\/v2\/pages\/15295\/revisions"}],"predecessor-version":[{"id":15857,"href":"https:\/\/am-humboldtring.de\/index.php\/wp-json\/wp\/v2\/pages\/15295\/revisions\/15857"}],"wp:featuredmedia":[{"embeddable":true,"href":"https:\/\/am-humboldtring.de\/index.php\/wp-json\/wp\/v2\/media\/15508"}],"wp:attachment":[{"href":"https:\/\/am-humboldtring.de\/index.php\/wp-json\/wp\/v2\/media?parent=15295"}],"curies":[{"name":"wp","href":"https:\/\/api.w.org\/{rel}","templated":true}]}}