{"id":15280,"date":"2021-04-19T10:16:59","date_gmt":"2021-04-19T10:16:59","guid":{"rendered":"https:\/\/am-humboldtring.de\/?page_id=15280"},"modified":"2025-01-22T20:45:33","modified_gmt":"2025-01-22T20:45:33","slug":"catering","status":"publish","type":"page","link":"https:\/\/am-humboldtring.de\/index.php\/catering\/","title":{"rendered":"Catering"},"content":{"rendered":"<p>[vc_row][vc_column][vc_column_text]<strong>Gerne beliefern wir sie auch mit einem Catering!<\/strong><\/p>\n<p>&nbsp;<\/p>\n<p>Kontaktieren sie uns gerne f\u00fcr einen Termin zur Absprache f\u00fcr ein B\u00fcffet zu ihrem Anlass!<\/p>\n<p>Wir bieten warme und kalte B\u00fcffets an,\u00a0 dazu auch gerne unsere Gulaschkanone (ab 70 Portionen), belegte Br\u00f6tchen und Canapees, Spanferkel usw. M\u00f6glich ist auch der Verleih von Besteck, Geschirr, Gl\u00e4sern, einer Zapfanlage und vielen weiteren. Wenn sie einen besonderen Wunsch haben kommen sie gerne damit zu uns ,wir geben unser bestes ihrem Anliegen zu entsprechen und ihnen zu einer sch\u00f6nen Feier zu verhelfen!<\/p>\n<p>Anbei eine kleine \u00dcbersicht \u00fcber unser Angebot, gerne bereiten wir aber auch ihre speziellen W\u00fcnsche zu! Kostenvoranschlag und Einzelheiten w\u00fcrden wir dann pers\u00f6nlich abh\u00e4ngig ihrer W\u00fcnsche besprechen !<\/p>\n<p>&nbsp;<\/p>\n<p>[\/vc_column_text][vc_single_image image=&#8220;15536&#8243; img_size=&#8220;large&#8220;][\/vc_column][\/vc_row][vc_row][vc_column]<style type=\"text\/css\" data-type=\"the7_shortcodes-inline-css\">.gallery-carousel-shortcode.gallery-carousel-shortcode-id-6f1babd31d0253365940d09905bd73fb .owl-nav a {\n  width: 36px;\n  height: 36px;\n  border-radius: 500px;\n}\n.dt-arrow-border-on.gallery-carousel-shortcode.gallery-carousel-shortcode-id-6f1babd31d0253365940d09905bd73fb .owl-nav a:not(:hover):before {\n  border-width: 0px;\n}\n.dt-arrow-hover-border-on.gallery-carousel-shortcode.gallery-carousel-shortcode-id-6f1babd31d0253365940d09905bd73fb .owl-nav a:hover:after {\n  border-width: 0px;\n}\n.gallery-carousel-shortcode.gallery-carousel-shortcode-id-6f1babd31d0253365940d09905bd73fb .owl-nav a.owl-prev {\n  top: 50%;\n  transform: translateY(calc(-50% + 0px));\n  left: -43px;\n}\n@media all and (-ms-high-contrast: none) {\n  .gallery-carousel-shortcode.gallery-carousel-shortcode-id-6f1babd31d0253365940d09905bd73fb .owl-nav a.owl-prev {\n    transform: translateY(-50%);\n    margin-top: 0px;\n  }\n}\n.gallery-carousel-shortcode.gallery-carousel-shortcode-id-6f1babd31d0253365940d09905bd73fb .owl-nav a.owl-prev i {\n  padding: 0px 0px 0px 0px;\n}\n.gallery-carousel-shortcode.gallery-carousel-shortcode-id-6f1babd31d0253365940d09905bd73fb .owl-nav a.owl-next {\n  top: 50%;\n  transform: translateY(calc(-50% + 0px));\n  right: -43px;\n}\n@media all and (-ms-high-contrast: none) {\n  .gallery-carousel-shortcode.gallery-carousel-shortcode-id-6f1babd31d0253365940d09905bd73fb .owl-nav a.owl-next {\n    transform: translateY(-50%);\n    margin-top: 0px;\n  }\n}\n.gallery-carousel-shortcode.gallery-carousel-shortcode-id-6f1babd31d0253365940d09905bd73fb .owl-nav a.owl-next i {\n  padding: 0px 0px 0px 0px;\n}\n.gallery-carousel-shortcode.gallery-carousel-shortcode-id-6f1babd31d0253365940d09905bd73fb .owl-nav i {\n  font-size: 18px;\n}\n.gallery-carousel-shortcode.gallery-carousel-shortcode-id-6f1babd31d0253365940d09905bd73fb .owl-nav a:not(:hover) i,\n.gallery-carousel-shortcode.gallery-carousel-shortcode-id-6f1babd31d0253365940d09905bd73fb .owl-nav a:not(:hover) i:before {\n  color: #ffffff;\n  background: none;\n}\n.gallery-carousel-shortcode.gallery-carousel-shortcode-id-6f1babd31d0253365940d09905bd73fb .owl-nav a:hover i,\n.gallery-carousel-shortcode.gallery-carousel-shortcode-id-6f1babd31d0253365940d09905bd73fb .owl-nav a:hover i:before {\n  color: rgba(255,255,255,0.75);\n  background: none;\n}\n.gallery-carousel-shortcode.gallery-carousel-shortcode-id-6f1babd31d0253365940d09905bd73fb .owl-dots {\n  top: calc(100% + 20px);\n  left: 50%;\n  transform: translateX(calc(-50% + 0px));\n}\n@media all and (-ms-high-contrast: none) {\n  .gallery-carousel-shortcode.gallery-carousel-shortcode-id-6f1babd31d0253365940d09905bd73fb .owl-dots {\n    transform: translateX(-50%);\n    margin-left: 0px;\n  }\n}\n.gallery-carousel-shortcode.gallery-carousel-shortcode-id-6f1babd31d0253365940d09905bd73fb .owl-dot {\n  width: 10px;\n  height: 10px;\n  margin: 0 8px;\n}\n@media screen and (max-width: 778px) {\n  .gallery-carousel-shortcode.gallery-carousel-shortcode-id-6f1babd31d0253365940d09905bd73fb.hide-arrows .owl-nav a {\n    display: none;\n  }\n}\n@media screen and (max-width: 778px) {\n  .gallery-carousel-shortcode.gallery-carousel-shortcode-id-6f1babd31d0253365940d09905bd73fb.reposition-arrows .owl-nav .owl-prev {\n    top: 50%;\n    transform: translateY(calc(-50% + 0px));\n    left: 10px;\n  }\n  .gallery-carousel-shortcode.gallery-carousel-shortcode-id-6f1babd31d0253365940d09905bd73fb.reposition-arrows .owl-nav .owl-next {\n    top: 50%;\n    transform: translateY(calc(-50% + 0px));\n    right: 10px;\n  }\n}\n@media screen and (max-width: 778px) and all and (-ms-high-contrast: none) {\n  .gallery-carousel-shortcode.gallery-carousel-shortcode-id-6f1babd31d0253365940d09905bd73fb.reposition-arrows .owl-nav .owl-prev {\n    transform: translateY(-50%);\n    margin-top: 0px;\n  }\n}\n@media screen and (max-width: 778px) and all and (-ms-high-contrast: none) {\n  .gallery-carousel-shortcode.gallery-carousel-shortcode-id-6f1babd31d0253365940d09905bd73fb.reposition-arrows .owl-nav .owl-next {\n    transform: translateY(-50%);\n    margin-top: 0px;\n  }\n}\n.gallery-carousel-shortcode.gallery-carousel-shortcode-id-6f1babd31d0253365940d09905bd73fb figure,\n.gallery-carousel-shortcode.gallery-carousel-shortcode-id-6f1babd31d0253365940d09905bd73fb .rollover,\n.gallery-carousel-shortcode.gallery-carousel-shortcode-id-6f1babd31d0253365940d09905bd73fb img,\n.gallery-carousel-shortcode.gallery-carousel-shortcode-id-6f1babd31d0253365940d09905bd73fb .gallery-rollover {\n  border-radius: 0px;\n}\n.gallery-carousel-shortcode.gallery-carousel-shortcode-id-6f1babd31d0253365940d09905bd73fb.enable-bg-rollover .gallery-rollover {\n  background: -webkit-linear-gradient();\n  background: linear-gradient();\n}\n.gallery-carousel-shortcode.gallery-carousel-shortcode-id-6f1babd31d0253365940d09905bd73fb.enable-img-shadow .owl-stage-outer {\n  padding: 14px 0;\n}\n.gallery-carousel-shortcode.gallery-carousel-shortcode-id-6f1babd31d0253365940d09905bd73fb.enable-bg-rollover.hover-scale figure .rollover:after {\n  background: -webkit-linear-gradient();\n  background: linear-gradient();\n}\n.gallery-carousel-shortcode.gallery-carousel-shortcode-id-6f1babd31d0253365940d09905bd73fb.gallery-shortcode .gallery-zoom-ico {\n  width: 44px;\n  height: 44px;\n  line-height: 44px;\n  border-radius: 100px;\n  margin: -22px 0 0 -22px;\n  border-width: 0px;\n}\n.dt-icon-bg-on.gallery-carousel-shortcode.gallery-carousel-shortcode-id-6f1babd31d0253365940d09905bd73fb.gallery-shortcode .gallery-zoom-ico {\n  background: rgba(255,255,255,0.3);\n  box-shadow: none;\n}\n.gallery-carousel-shortcode.gallery-carousel-shortcode-id-6f1babd31d0253365940d09905bd73fb.gallery-shortcode .gallery-zoom-ico:before,\n.gallery-carousel-shortcode.gallery-carousel-shortcode-id-6f1babd31d0253365940d09905bd73fb.gallery-shortcode .gallery-zoom-ico span {\n  font-size: 32px;\n  line-height: 44px;\n  color: #ffffff;\n  background: none;\n}\n<\/style><div class=\"owl-carousel gallery-carousel-shortcode gallery-shortcode  dt-gallery-container dt-owl-carousel-call gallery-carousel-shortcode-id-6f1babd31d0253365940d09905bd73fb quick-scale-img enable-bg-rollover meta-info-off dt-arrow-border-on dt-arrow-hover-border-on bullets-small-dot-stroke reposition-arrows dt-icon-bg-off arrows-bg-on disable-arrows-hover-bg arrows-hover-bg-on  hover-fade \" data-scroll-mode=\"1\" data-col-num=\"6\" data-wide-col-num=\"6\" data-laptop-col=\"5\" data-h-tablet-columns-num=\"4\" data-v-tablet-columns-num=\"3\" data-phone-columns-num=\"1\" data-col-gap=\"10\" data-stage-padding=\"0\" data-speed=\"600\" data-autoplay=\"false\" data-autoplay_speed=\"6000\" data-arrows=\"true\" data-bullet=\"false\" data-next-icon=\"icon-ar-017-r\" data-prev-icon=\"icon-ar-017-l\" data-img-shadow-size=\"12px\" data-img-shadow-spread=\"3px\"><div data-post-id=\"15499\" data-date=\"2023-02-07T10:00:06+00:00\" data-name=\"IMG-20230202-WA0040\"><figure class=\"post\"><a href=\"https:\/\/am-humboldtring.de\/wp-content\/uploads\/2023\/02\/IMG-20230202-WA0040.jpg\" class=\"rollover dt-pswp-item layzr-bg\" data-large_image_width=\"2000\" data-large_image_height=\"1500\" data-dt-img-description=\"\" title=\"IMG-20230202-WA0040\"><img loading=\"lazy\" decoding=\"async\" class=\"preload-me owl-lazy-load\" src=\"data:image\/svg+xml,%3Csvg%20xmlns%3D&#39;http%3A%2F%2Fwww.w3.org%2F2000%2Fsvg&#39;%20viewBox%3D&#39;0%200%201500%201500&#39;%2F%3E\" data-src=\"https:\/\/am-humboldtring.de\/wp-content\/uploads\/2023\/02\/IMG-20230202-WA0040-1500x1500.jpg\" data-srcset=\"https:\/\/am-humboldtring.de\/wp-content\/uploads\/2023\/02\/IMG-20230202-WA0040-1500x1500.jpg 1500w\" alt=\"\" width=\"1500\" height=\"1500\"  \/><span class=\"gallery-rollover\"><span class=\"gallery-zoom-ico icomoon-the7-font-the7-zoom-06\"><span><\/span><\/span><\/span><\/a><\/figure><\/div><div data-post-id=\"15500\" data-date=\"2023-02-07T10:00:07+00:00\" data-name=\"IMG-20230202-WA0042\"><figure class=\"post\"><a href=\"https:\/\/am-humboldtring.de\/wp-content\/uploads\/2023\/02\/IMG-20230202-WA0042.jpg\" class=\"rollover dt-pswp-item layzr-bg\" data-large_image_width=\"2000\" data-large_image_height=\"1500\" data-dt-img-description=\"\" title=\"IMG-20230202-WA0042\"><img loading=\"lazy\" decoding=\"async\" class=\"preload-me owl-lazy-load\" src=\"data:image\/svg+xml,%3Csvg%20xmlns%3D&#39;http%3A%2F%2Fwww.w3.org%2F2000%2Fsvg&#39;%20viewBox%3D&#39;0%200%201500%201500&#39;%2F%3E\" data-src=\"https:\/\/am-humboldtring.de\/wp-content\/uploads\/2023\/02\/IMG-20230202-WA0042-1500x1500.jpg\" data-srcset=\"https:\/\/am-humboldtring.de\/wp-content\/uploads\/2023\/02\/IMG-20230202-WA0042-1500x1500.jpg 1500w\" alt=\"\" width=\"1500\" height=\"1500\"  \/><span class=\"gallery-rollover\"><span class=\"gallery-zoom-ico icomoon-the7-font-the7-zoom-06\"><span><\/span><\/span><\/span><\/a><\/figure><\/div><div data-post-id=\"15502\" data-date=\"2023-02-07T10:00:09+00:00\" data-name=\"IMG-20230202-WA0046\"><figure class=\"post\"><a href=\"https:\/\/am-humboldtring.de\/wp-content\/uploads\/2023\/02\/IMG-20230202-WA0046.jpg\" class=\"rollover dt-pswp-item layzr-bg\" data-large_image_width=\"2000\" data-large_image_height=\"1500\" data-dt-img-description=\"\" title=\"IMG-20230202-WA0046\"><img loading=\"lazy\" decoding=\"async\" class=\"preload-me owl-lazy-load\" src=\"data:image\/svg+xml,%3Csvg%20xmlns%3D&#39;http%3A%2F%2Fwww.w3.org%2F2000%2Fsvg&#39;%20viewBox%3D&#39;0%200%201500%201500&#39;%2F%3E\" data-src=\"https:\/\/am-humboldtring.de\/wp-content\/uploads\/2023\/02\/IMG-20230202-WA0046-1500x1500.jpg\" data-srcset=\"https:\/\/am-humboldtring.de\/wp-content\/uploads\/2023\/02\/IMG-20230202-WA0046-1500x1500.jpg 1500w\" alt=\"\" width=\"1500\" height=\"1500\"  \/><span class=\"gallery-rollover\"><span class=\"gallery-zoom-ico icomoon-the7-font-the7-zoom-06\"><span><\/span><\/span><\/span><\/a><\/figure><\/div><div data-post-id=\"15503\" data-date=\"2023-02-07T10:00:10+00:00\" data-name=\"IMG-20230202-WA0051\"><figure class=\"post\"><a href=\"https:\/\/am-humboldtring.de\/wp-content\/uploads\/2023\/02\/IMG-20230202-WA0051.jpg\" class=\"rollover dt-pswp-item layzr-bg\" data-large_image_width=\"2000\" data-large_image_height=\"1500\" data-dt-img-description=\"\" title=\"IMG-20230202-WA0051\"><img loading=\"lazy\" decoding=\"async\" class=\"preload-me owl-lazy-load\" src=\"data:image\/svg+xml,%3Csvg%20xmlns%3D&#39;http%3A%2F%2Fwww.w3.org%2F2000%2Fsvg&#39;%20viewBox%3D&#39;0%200%201500%201500&#39;%2F%3E\" data-src=\"https:\/\/am-humboldtring.de\/wp-content\/uploads\/2023\/02\/IMG-20230202-WA0051-1500x1500.jpg\" data-srcset=\"https:\/\/am-humboldtring.de\/wp-content\/uploads\/2023\/02\/IMG-20230202-WA0051-1500x1500.jpg 1500w\" alt=\"\" width=\"1500\" height=\"1500\"  \/><span class=\"gallery-rollover\"><span class=\"gallery-zoom-ico icomoon-the7-font-the7-zoom-06\"><span><\/span><\/span><\/span><\/a><\/figure><\/div><div data-post-id=\"15504\" data-date=\"2023-02-07T10:00:11+00:00\" data-name=\"IMG-20230202-WA0054\"><figure class=\"post\"><a href=\"https:\/\/am-humboldtring.de\/wp-content\/uploads\/2023\/02\/IMG-20230202-WA0054.jpg\" class=\"rollover dt-pswp-item layzr-bg\" data-large_image_width=\"2000\" data-large_image_height=\"1500\" data-dt-img-description=\"\" title=\"IMG-20230202-WA0054\"><img loading=\"lazy\" decoding=\"async\" class=\"preload-me owl-lazy-load\" src=\"data:image\/svg+xml,%3Csvg%20xmlns%3D&#39;http%3A%2F%2Fwww.w3.org%2F2000%2Fsvg&#39;%20viewBox%3D&#39;0%200%201500%201500&#39;%2F%3E\" data-src=\"https:\/\/am-humboldtring.de\/wp-content\/uploads\/2023\/02\/IMG-20230202-WA0054-1500x1500.jpg\" data-srcset=\"https:\/\/am-humboldtring.de\/wp-content\/uploads\/2023\/02\/IMG-20230202-WA0054-1500x1500.jpg 1500w\" alt=\"\" width=\"1500\" height=\"1500\"  \/><span class=\"gallery-rollover\"><span class=\"gallery-zoom-ico icomoon-the7-font-the7-zoom-06\"><span><\/span><\/span><\/span><\/a><\/figure><\/div><div data-post-id=\"15716\" data-date=\"2025-01-22T20:36:09+00:00\" data-name=\"IMG-20240926-WA0029\"><figure class=\"post\"><a href=\"https:\/\/am-humboldtring.de\/wp-content\/uploads\/2025\/01\/IMG-20240926-WA0029.jpg\" class=\"rollover dt-pswp-item layzr-bg\" data-large_image_width=\"2000\" data-large_image_height=\"922\" data-dt-img-description=\"\" title=\"IMG-20240926-WA0029\"><img loading=\"lazy\" decoding=\"async\" class=\"preload-me owl-lazy-load\" src=\"data:image\/svg+xml,%3Csvg%20xmlns%3D&#39;http%3A%2F%2Fwww.w3.org%2F2000%2Fsvg&#39;%20viewBox%3D&#39;0%200%20922%20922&#39;%2F%3E\" data-src=\"https:\/\/am-humboldtring.de\/wp-content\/uploads\/2025\/01\/IMG-20240926-WA0029-922x922.jpg\" data-srcset=\"https:\/\/am-humboldtring.de\/wp-content\/uploads\/2025\/01\/IMG-20240926-WA0029-922x922.jpg 922w\" alt=\"\" width=\"922\" height=\"922\"  \/><span class=\"gallery-rollover\"><span class=\"gallery-zoom-ico icomoon-the7-font-the7-zoom-06\"><span><\/span><\/span><\/span><\/a><\/figure><\/div><div data-post-id=\"15720\" data-date=\"2025-01-22T20:38:19+00:00\" data-name=\"IMG-20240926-WA0020\"><figure class=\"post\"><a href=\"https:\/\/am-humboldtring.de\/wp-content\/uploads\/2025\/01\/IMG-20240926-WA0020.jpg\" class=\"rollover dt-pswp-item layzr-bg\" data-large_image_width=\"2000\" data-large_image_height=\"922\" data-dt-img-description=\"\" title=\"IMG-20240926-WA0020\"><img loading=\"lazy\" decoding=\"async\" class=\"preload-me owl-lazy-load\" src=\"data:image\/svg+xml,%3Csvg%20xmlns%3D&#39;http%3A%2F%2Fwww.w3.org%2F2000%2Fsvg&#39;%20viewBox%3D&#39;0%200%20922%20922&#39;%2F%3E\" data-src=\"https:\/\/am-humboldtring.de\/wp-content\/uploads\/2025\/01\/IMG-20240926-WA0020-922x922.jpg\" data-srcset=\"https:\/\/am-humboldtring.de\/wp-content\/uploads\/2025\/01\/IMG-20240926-WA0020-922x922.jpg 922w\" alt=\"\" width=\"922\" height=\"922\"  \/><span class=\"gallery-rollover\"><span class=\"gallery-zoom-ico icomoon-the7-font-the7-zoom-06\"><span><\/span><\/span><\/span><\/a><\/figure><\/div><div data-post-id=\"15722\" data-date=\"2025-01-22T20:38:21+00:00\" data-name=\"IMG-20240926-WA0023\"><figure class=\"post\"><a href=\"https:\/\/am-humboldtring.de\/wp-content\/uploads\/2025\/01\/IMG-20240926-WA0023.jpg\" class=\"rollover dt-pswp-item layzr-bg\" data-large_image_width=\"2000\" data-large_image_height=\"922\" data-dt-img-description=\"\" title=\"IMG-20240926-WA0023\"><img loading=\"lazy\" decoding=\"async\" class=\"preload-me owl-lazy-load\" src=\"data:image\/svg+xml,%3Csvg%20xmlns%3D&#39;http%3A%2F%2Fwww.w3.org%2F2000%2Fsvg&#39;%20viewBox%3D&#39;0%200%20922%20922&#39;%2F%3E\" data-src=\"https:\/\/am-humboldtring.de\/wp-content\/uploads\/2025\/01\/IMG-20240926-WA0023-922x922.jpg\" data-srcset=\"https:\/\/am-humboldtring.de\/wp-content\/uploads\/2025\/01\/IMG-20240926-WA0023-922x922.jpg 922w\" alt=\"\" width=\"922\" height=\"922\"  \/><span class=\"gallery-rollover\"><span class=\"gallery-zoom-ico icomoon-the7-font-the7-zoom-06\"><span><\/span><\/span><\/span><\/a><\/figure><\/div><div data-post-id=\"15724\" data-date=\"2025-01-22T20:38:23+00:00\" data-name=\"IMG-20240926-WA0031\"><figure class=\"post\"><a href=\"https:\/\/am-humboldtring.de\/wp-content\/uploads\/2025\/01\/IMG-20240926-WA0031.jpg\" class=\"rollover dt-pswp-item layzr-bg\" data-large_image_width=\"2000\" data-large_image_height=\"922\" data-dt-img-description=\"\" title=\"IMG-20240926-WA0031\"><img loading=\"lazy\" decoding=\"async\" class=\"preload-me owl-lazy-load\" src=\"data:image\/svg+xml,%3Csvg%20xmlns%3D&#39;http%3A%2F%2Fwww.w3.org%2F2000%2Fsvg&#39;%20viewBox%3D&#39;0%200%20922%20922&#39;%2F%3E\" data-src=\"https:\/\/am-humboldtring.de\/wp-content\/uploads\/2025\/01\/IMG-20240926-WA0031-922x922.jpg\" data-srcset=\"https:\/\/am-humboldtring.de\/wp-content\/uploads\/2025\/01\/IMG-20240926-WA0031-922x922.jpg 922w\" alt=\"\" width=\"922\" height=\"922\"  \/><span class=\"gallery-rollover\"><span class=\"gallery-zoom-ico icomoon-the7-font-the7-zoom-06\"><span><\/span><\/span><\/span><\/a><\/figure><\/div><div data-post-id=\"15718\" data-date=\"2025-01-22T20:38:17+00:00\" data-name=\"IMG-20240926-WA0017\"><figure class=\"post\"><a href=\"https:\/\/am-humboldtring.de\/wp-content\/uploads\/2025\/01\/IMG-20240926-WA0017.jpg\" class=\"rollover dt-pswp-item layzr-bg\" data-large_image_width=\"922\" data-large_image_height=\"2000\" data-dt-img-description=\"\" title=\"IMG-20240926-WA0017\"><img loading=\"lazy\" decoding=\"async\" class=\"preload-me owl-lazy-load\" src=\"data:image\/svg+xml,%3Csvg%20xmlns%3D&#39;http%3A%2F%2Fwww.w3.org%2F2000%2Fsvg&#39;%20viewBox%3D&#39;0%200%20922%20922&#39;%2F%3E\" data-src=\"https:\/\/am-humboldtring.de\/wp-content\/uploads\/2025\/01\/IMG-20240926-WA0017-922x922.jpg\" data-srcset=\"https:\/\/am-humboldtring.de\/wp-content\/uploads\/2025\/01\/IMG-20240926-WA0017-922x922.jpg 922w\" alt=\"\" width=\"922\" height=\"922\"  \/><span class=\"gallery-rollover\"><span class=\"gallery-zoom-ico icomoon-the7-font-the7-zoom-06\"><span><\/span><\/span><\/span><\/a><\/figure><\/div><div data-post-id=\"15725\" data-date=\"2025-01-22T20:38:24+00:00\" data-name=\"IMG-20241005-WA0010\"><figure class=\"post\"><a href=\"https:\/\/am-humboldtring.de\/wp-content\/uploads\/2025\/01\/IMG-20241005-WA0010.jpg\" class=\"rollover dt-pswp-item layzr-bg\" data-large_image_width=\"1600\" data-large_image_height=\"721\" data-dt-img-description=\"\" title=\"IMG-20241005-WA0010\"><img loading=\"lazy\" decoding=\"async\" class=\"preload-me owl-lazy-load\" src=\"data:image\/svg+xml,%3Csvg%20xmlns%3D&#39;http%3A%2F%2Fwww.w3.org%2F2000%2Fsvg&#39;%20viewBox%3D&#39;0%200%20721%20721&#39;%2F%3E\" data-src=\"https:\/\/am-humboldtring.de\/wp-content\/uploads\/2025\/01\/IMG-20241005-WA0010-721x721.jpg\" data-srcset=\"https:\/\/am-humboldtring.de\/wp-content\/uploads\/2025\/01\/IMG-20241005-WA0010-721x721.jpg 721w\" alt=\"\" width=\"721\" height=\"721\"  \/><span class=\"gallery-rollover\"><span class=\"gallery-zoom-ico icomoon-the7-font-the7-zoom-06\"><span><\/span><\/span><\/span><\/a><\/figure><\/div><div data-post-id=\"15726\" data-date=\"2025-01-22T20:43:20+00:00\" data-name=\"IMG-20241005-WA0012\"><figure class=\"post\"><a href=\"https:\/\/am-humboldtring.de\/wp-content\/uploads\/2025\/01\/IMG-20241005-WA0012.jpg\" class=\"rollover dt-pswp-item layzr-bg\" data-large_image_width=\"721\" data-large_image_height=\"1600\" data-dt-img-description=\"\" title=\"IMG-20241005-WA0012\"><img loading=\"lazy\" decoding=\"async\" class=\"preload-me owl-lazy-load\" src=\"data:image\/svg+xml,%3Csvg%20xmlns%3D&#39;http%3A%2F%2Fwww.w3.org%2F2000%2Fsvg&#39;%20viewBox%3D&#39;0%200%20721%20721&#39;%2F%3E\" data-src=\"https:\/\/am-humboldtring.de\/wp-content\/uploads\/2025\/01\/IMG-20241005-WA0012-721x721.jpg\" data-srcset=\"https:\/\/am-humboldtring.de\/wp-content\/uploads\/2025\/01\/IMG-20241005-WA0012-721x721.jpg 721w\" alt=\"\" width=\"721\" height=\"721\"  \/><span class=\"gallery-rollover\"><span class=\"gallery-zoom-ico icomoon-the7-font-the7-zoom-06\"><span><\/span><\/span><\/span><\/a><\/figure><\/div><div data-post-id=\"15727\" data-date=\"2025-01-22T20:44:29+00:00\" data-name=\"IMG-20240926-WA0030\"><figure class=\"post\"><a href=\"https:\/\/am-humboldtring.de\/wp-content\/uploads\/2025\/01\/IMG-20240926-WA0030-1.jpg\" class=\"rollover dt-pswp-item layzr-bg\" data-large_image_width=\"2000\" data-large_image_height=\"922\" data-dt-img-description=\"\" title=\"IMG-20240926-WA0030\"><img loading=\"lazy\" decoding=\"async\" class=\"preload-me owl-lazy-load\" src=\"data:image\/svg+xml,%3Csvg%20xmlns%3D&#39;http%3A%2F%2Fwww.w3.org%2F2000%2Fsvg&#39;%20viewBox%3D&#39;0%200%20922%20922&#39;%2F%3E\" data-src=\"https:\/\/am-humboldtring.de\/wp-content\/uploads\/2025\/01\/IMG-20240926-WA0030-1-922x922.jpg\" data-srcset=\"https:\/\/am-humboldtring.de\/wp-content\/uploads\/2025\/01\/IMG-20240926-WA0030-1-922x922.jpg 922w\" alt=\"\" width=\"922\" height=\"922\"  \/><span class=\"gallery-rollover\"><span class=\"gallery-zoom-ico icomoon-the7-font-the7-zoom-06\"><span><\/span><\/span><\/span><\/a><\/figure><\/div><\/div>[\/vc_column][\/vc_row]<\/p>\n","protected":false},"excerpt":{"rendered":"<p>[vc_row][vc_column][vc_column_text]Gerne beliefern wir sie auch mit einem Catering! &nbsp; Kontaktieren sie uns gerne f\u00fcr einen Termin zur Absprache f\u00fcr ein B\u00fcffet zu ihrem Anlass! Wir bieten warme und kalte B\u00fcffets an,\u00a0 dazu auch gerne unsere Gulaschkanone (ab 70 Portionen), belegte Br\u00f6tchen und Canapees, Spanferkel usw. M\u00f6glich ist auch der Verleih von Besteck, Geschirr, Gl\u00e4sern, einer&hellip;<\/p>\n","protected":false},"author":2,"featured_media":0,"parent":0,"menu_order":0,"comment_status":"closed","ping_status":"closed","template":"","meta":[],"class_list":["post-15280","page","type-page","status-publish","hentry","description-off"],"_links":{"self":[{"href":"https:\/\/am-humboldtring.de\/index.php\/wp-json\/wp\/v2\/pages\/15280","targetHints":{"allow":["GET"]}}],"collection":[{"href":"https:\/\/am-humboldtring.de\/index.php\/wp-json\/wp\/v2\/pages"}],"about":[{"href":"https:\/\/am-humboldtring.de\/index.php\/wp-json\/wp\/v2\/types\/page"}],"author":[{"embeddable":true,"href":"https:\/\/am-humboldtring.de\/index.php\/wp-json\/wp\/v2\/users\/2"}],"replies":[{"embeddable":true,"href":"https:\/\/am-humboldtring.de\/index.php\/wp-json\/wp\/v2\/comments?post=15280"}],"version-history":[{"count":16,"href":"https:\/\/am-humboldtring.de\/index.php\/wp-json\/wp\/v2\/pages\/15280\/revisions"}],"predecessor-version":[{"id":15728,"href":"https:\/\/am-humboldtring.de\/index.php\/wp-json\/wp\/v2\/pages\/15280\/revisions\/15728"}],"wp:attachment":[{"href":"https:\/\/am-humboldtring.de\/index.php\/wp-json\/wp\/v2\/media?parent=15280"}],"curies":[{"name":"wp","href":"https:\/\/api.w.org\/{rel}","templated":true}]}}